{"id":1077,"date":"2019-06-03T14:48:41","date_gmt":"2019-06-03T12:48:41","guid":{"rendered":"https:\/\/www.chalets-traeger.ch\/?page_id=1077&#038;lang=de"},"modified":"2023-10-23T11:12:00","modified_gmt":"2023-10-23T09:12:00","slug":"kaufen-sie-wohnmobil-freiburg-waadt-neuenburg-jura","status":"publish","type":"page","link":"https:\/\/www.chalets-traeger.ch\/de\/kaufen-sie-wohnmobil-freiburg-waadt-neuenburg-jura\/","title":{"rendered":"UNSERE AUSSTELLUNG"},"content":{"rendered":"<p>[et_pb_section fb_built=&#8220;1&#8243; _builder_version=&#8220;4.16&#8243; global_colors_info=&#8220;{}&#8220;][et_pb_row column_structure=&#8220;1_3,1_3,1_3&#8243; use_custom_gutter=&#8220;on&#8220; gutter_width=&#8220;2&#8243; make_equal=&#8220;on&#8220; _builder_version=&#8220;4.16&#8243; global_colors_info=&#8220;{}&#8220;][et_pb_column type=&#8220;1_3&#8243; _builder_version=&#8220;4.16&#8243; background_position=&#8220;top_left&#8220; custom_padding=&#8220;|||&#8220; global_colors_info=&#8220;{}&#8220; custom_padding__hover=&#8220;|||&#8220;][et_pb_text _builder_version=&#8220;4.16&#8243; hover_enabled=&#8220;0&#8243; border_style=&#8220;solid&#8220; global_colors_info=&#8220;{}&#8220; sticky_enabled=&#8220;0&#8243;]<\/p>\n<h4 style=\"line-height: 1em; font-size: 45px;\"><span style=\"letter-spacing: 0.1em; font-family: 'Conv_Raleway-Regular,';\"><b>BESUCHEN SIE <\/b><\/span><\/h4>\n<h4 style=\"line-height: 1em; font-size: 45px;\"><span style=\"letter-spacing: 0.1em; font-family: 'Conv_Raleway-Regular,';\">UNSERE<\/span><\/h4>\n<p><span style=\"font-size: 93px; color: #000000;\"><span style=\"line-height: 0.7em;\"><span style=\"font-family: 'Conv_Avenida Std Regular';\">AUSSTELLUNG<\/span><\/span><\/span><\/p>\n<hr class=\"saisir\" size=\"4\" \/>[\/et_pb_text][et_pb_text module_class=&#8220;Titre-home&#8220; _builder_version=&#8220;4.22.2&#8243; hover_enabled=&#8220;0&#8243; border_style=&#8220;solid&#8220; global_colors_info=&#8220;{}&#8220; sticky_enabled=&#8220;0&#8243;]<\/p>\n<h1>Kaufen Sie Wohnmobil Freiburg, Waadt, Neuenburg, Jura<\/h1>\n<p>[\/et_pb_text][\/et_pb_column][et_pb_column type=&#8220;1_3&#8243; _builder_version=&#8220;4.16&#8243; background_position=&#8220;top_left&#8220; custom_padding=&#8220;|||&#8220; global_colors_info=&#8220;{}&#8220; custom_padding__hover=&#8220;|||&#8220;][et_pb_text _builder_version=&#8220;4.16&#8243; custom_padding=&#8220;|||&#8220; border_style=&#8220;solid&#8220; global_colors_info=&#8220;{}&#8220;]<\/p>\n<h5><span style=\"color: #ff0000;\"><strong><\/strong><\/span><\/h5>\n<p style=\"font-size: 17px;\"><span style=\"font-size: 17px; color: #000000;\"><span style=\"font-weight: bold;\">Der Preis f\u00fcr ein neues Mobilheim variiert je nach Marke, Qualit\u00e4t, Fl\u00e4che, Komfort und Zusatzoptionen. Der Zugang zur Parzelle, der Transport und die Installation sind Kosten, die mit der Errichtung eines Mobilheims oder Chalets in Verbindung stehen.<\/span><\/span><\/p>\n<p style=\"font-size: 14px;\"><span style=\"color: #000000; font-size: 14px;\">Auf unserer Ausstellung haben wir uns entschieden, Ihnen sehr komfortable und gut ausgestattete Wohnmobile anzubieten, die das ganze Jahr \u00fcber einen Lebensraum bieten, in dem man sich wohlf\u00fchlen kann.<\/span><\/p>\n<p style=\"font-size: 14px;\"><span style=\"font-size: 14px; color: #000000;\">Die Breite und\/oder L\u00e4nge des Mobilheims ist abh\u00e4ngig von den Abmessungen Ihrer Parzelle. Je nach Gr\u00f6sse der Parzelle stehen mehrere Modelle zur Verf\u00fcgung.<\/span><\/p>\n<p>[\/et_pb_text][\/et_pb_column][et_pb_column type=&#8220;1_3&#8243; _builder_version=&#8220;4.16&#8243; background_position=&#8220;top_left&#8220; custom_padding=&#8220;|||&#8220; global_colors_info=&#8220;{}&#8220; custom_padding__hover=&#8220;|||&#8220;][et_pb_text _builder_version=&#8220;4.16&#8243; border_style=&#8220;solid&#8220; global_colors_info=&#8220;{}&#8220;]<\/p>\n<p style=\"font-size: 17px;\"><span style=\"font-size: 14px; color: #000000;\">Wir bieten Ihnen Breiten von 3,00m bis 4,30m und L\u00e4ngen von 6,35m bis 10,80m an.<\/span><\/p>\n<p style=\"font-size: 14px;\"><span style=\"font-size: 14px; color: #000000;\">Bei allen Modellen ist der Schlaf- und Wohnbereich auf einen optimierten und sehr komfortablen Wohnraum ausgelegt.<\/span><\/p>\n<p style=\"font-size: 14px;\"><span style=\"font-size: 14px; color: #000000;\">Abgesehen von diesen Standardabmessungen k\u00f6nnen wir ein massgeschneidertes Chalet f\u00fcr Sie und mit Ihnen zusammen fertigen &#8211; unter Ber\u00fccksichtigung Ihrer Abmessungen und ganz Ihren W\u00fcnschen und Bed\u00fcrfnissen entsprechend.<br \/>\n<\/span><\/p>\n<p>[\/et_pb_text][\/et_pb_column][\/et_pb_row][\/et_pb_section][et_pb_section fb_built=&#8220;1&#8243; _builder_version=&#8220;4.16&#8243; background_color=&#8220;#fafafa&#8220; custom_padding=&#8220;20px|0px|20px|0px&#8220; global_colors_info=&#8220;{}&#8220;][et_pb_row _builder_version=&#8220;4.16&#8243; custom_padding=&#8220;0px|0px|0px|0px&#8220; global_colors_info=&#8220;{}&#8220;][et_pb_column type=&#8220;4_4&#8243; _builder_version=&#8220;4.16&#8243; background_position=&#8220;top_left&#8220; custom_padding=&#8220;|||&#8220; global_colors_info=&#8220;{}&#8220; custom_padding__hover=&#8220;|||&#8220;][et_pb_text _builder_version=&#8220;4.16&#8243; border_style=&#8220;solid&#8220; global_colors_info=&#8220;{}&#8220;]<\/p>\n<h1 style=\"text-align: center;\"><strong>Unsere Ausstellung in Estavayer-le-Lac<\/strong><\/h1>\n<p>[\/et_pb_text][\/et_pb_column][\/et_pb_row][\/et_pb_section][et_pb_section fb_built=&#8220;1&#8243; _builder_version=&#8220;4.16&#8243; background_color=&#8220;#fafafa&#8220; custom_padding=&#8220;0px|0px|20px|0px&#8220; global_colors_info=&#8220;{}&#8220;][et_pb_row column_structure=&#8220;1_4,1_4,1_4,1_4&#8243; _builder_version=&#8220;4.16&#8243; background_size=&#8220;initial&#8220; background_position=&#8220;top_left&#8220; background_repeat=&#8220;repeat&#8220; global_colors_info=&#8220;{}&#8220;][et_pb_column type=&#8220;1_4&#8243; _builder_version=&#8220;4.16&#8243; custom_padding=&#8220;|||&#8220; global_colors_info=&#8220;{}&#8220; custom_padding__hover=&#8220;|||&#8220;][et_pb_image src=&#8220;https:\/\/www.chalets-traeger.ch\/wp-content\/uploads\/2017\/08\/IMG_1546.jpg&#8220; show_in_lightbox=&#8220;on&#8220; align=&#8220;center&#8220; force_fullwidth=&#8220;on&#8220; align_tablet=&#8220;center&#8220; align_phone=&#8220;&#8220; align_last_edited=&#8220;on|desktop&#8220; _builder_version=&#8220;4.16&#8243; border_style=&#8220;solid&#8220; animation=&#8220;off&#8220; sticky=&#8220;off&#8220; always_center_on_mobile=&#8220;on&#8220; global_colors_info=&#8220;{}&#8220;][\/et_pb_image][\/et_pb_column][et_pb_column type=&#8220;1_4&#8243; _builder_version=&#8220;4.16&#8243; custom_padding=&#8220;|||&#8220; global_colors_info=&#8220;{}&#8220; custom_padding__hover=&#8220;|||&#8220;][et_pb_image src=&#8220;https:\/\/www.chalets-traeger.ch\/wp-content\/uploads\/2017\/08\/IMG_1525.jpg&#8220; show_in_lightbox=&#8220;on&#8220; align=&#8220;center&#8220; force_fullwidth=&#8220;on&#8220; align_tablet=&#8220;center&#8220; align_phone=&#8220;&#8220; align_last_edited=&#8220;on|desktop&#8220; _builder_version=&#8220;4.16&#8243; border_style=&#8220;solid&#8220; animation=&#8220;off&#8220; sticky=&#8220;off&#8220; always_center_on_mobile=&#8220;on&#8220; global_colors_info=&#8220;{}&#8220;][\/et_pb_image][\/et_pb_column][et_pb_column type=&#8220;1_4&#8243; _builder_version=&#8220;4.16&#8243; custom_padding=&#8220;|||&#8220; global_colors_info=&#8220;{}&#8220; custom_padding__hover=&#8220;|||&#8220;][et_pb_image src=&#8220;https:\/\/www.chalets-traeger.ch\/wp-content\/uploads\/2017\/08\/IMG_1520.jpg&#8220; show_in_lightbox=&#8220;on&#8220; align=&#8220;center&#8220; force_fullwidth=&#8220;on&#8220; align_tablet=&#8220;center&#8220; align_phone=&#8220;&#8220; align_last_edited=&#8220;on|desktop&#8220; _builder_version=&#8220;4.16&#8243; border_style=&#8220;solid&#8220; animation=&#8220;off&#8220; sticky=&#8220;off&#8220; always_center_on_mobile=&#8220;on&#8220; global_colors_info=&#8220;{}&#8220;][\/et_pb_image][\/et_pb_column][et_pb_column type=&#8220;1_4&#8243; _builder_version=&#8220;4.16&#8243; custom_padding=&#8220;|||&#8220; global_colors_info=&#8220;{}&#8220; custom_padding__hover=&#8220;|||&#8220;][et_pb_image src=&#8220;https:\/\/www.chalets-traeger.ch\/wp-content\/uploads\/2017\/08\/IMG_1514.jpg&#8220; show_in_lightbox=&#8220;on&#8220; align=&#8220;center&#8220; force_fullwidth=&#8220;on&#8220; align_tablet=&#8220;center&#8220; align_phone=&#8220;&#8220; align_last_edited=&#8220;on|desktop&#8220; _builder_version=&#8220;4.16&#8243; border_style=&#8220;solid&#8220; animation=&#8220;off&#8220; sticky=&#8220;off&#8220; always_center_on_mobile=&#8220;on&#8220; global_colors_info=&#8220;{}&#8220;][\/et_pb_image][\/et_pb_column][\/et_pb_row][et_pb_row column_structure=&#8220;1_4,1_4,1_4,1_4&#8243; _builder_version=&#8220;4.16&#8243; background_size=&#8220;initial&#8220; background_position=&#8220;top_left&#8220; background_repeat=&#8220;repeat&#8220; global_colors_info=&#8220;{}&#8220;][et_pb_column type=&#8220;1_4&#8243; _builder_version=&#8220;4.16&#8243; custom_padding=&#8220;|||&#8220; global_colors_info=&#8220;{}&#8220; custom_padding__hover=&#8220;|||&#8220;][et_pb_image src=&#8220;https:\/\/www.chalets-traeger.ch\/wp-content\/uploads\/2017\/08\/IMG_1513.jpg&#8220; show_in_lightbox=&#8220;on&#8220; align=&#8220;center&#8220; force_fullwidth=&#8220;on&#8220; align_tablet=&#8220;center&#8220; align_phone=&#8220;&#8220; align_last_edited=&#8220;on|desktop&#8220; _builder_version=&#8220;4.16&#8243; border_style=&#8220;solid&#8220; animation=&#8220;off&#8220; sticky=&#8220;off&#8220; always_center_on_mobile=&#8220;on&#8220; global_colors_info=&#8220;{}&#8220;][\/et_pb_image][\/et_pb_column][et_pb_column type=&#8220;1_4&#8243; _builder_version=&#8220;4.16&#8243; custom_padding=&#8220;|||&#8220; global_colors_info=&#8220;{}&#8220; custom_padding__hover=&#8220;|||&#8220;][et_pb_image src=&#8220;https:\/\/www.chalets-traeger.ch\/wp-content\/uploads\/2017\/08\/IMG_1277.jpg&#8220; show_in_lightbox=&#8220;on&#8220; align=&#8220;center&#8220; force_fullwidth=&#8220;on&#8220; align_tablet=&#8220;center&#8220; align_phone=&#8220;&#8220; align_last_edited=&#8220;on|desktop&#8220; _builder_version=&#8220;4.16&#8243; border_style=&#8220;solid&#8220; animation=&#8220;off&#8220; sticky=&#8220;off&#8220; always_center_on_mobile=&#8220;on&#8220; global_colors_info=&#8220;{}&#8220;][\/et_pb_image][\/et_pb_column][et_pb_column type=&#8220;1_4&#8243; _builder_version=&#8220;4.16&#8243; custom_padding=&#8220;|||&#8220; global_colors_info=&#8220;{}&#8220; custom_padding__hover=&#8220;|||&#8220;][et_pb_image src=&#8220;https:\/\/www.chalets-traeger.ch\/wp-content\/uploads\/2017\/08\/IMG_1274.jpg&#8220; show_in_lightbox=&#8220;on&#8220; align=&#8220;center&#8220; force_fullwidth=&#8220;on&#8220; align_tablet=&#8220;center&#8220; align_phone=&#8220;&#8220; align_last_edited=&#8220;on|desktop&#8220; _builder_version=&#8220;4.16&#8243; border_style=&#8220;solid&#8220; animation=&#8220;off&#8220; sticky=&#8220;off&#8220; always_center_on_mobile=&#8220;on&#8220; global_colors_info=&#8220;{}&#8220;][\/et_pb_image][\/et_pb_column][et_pb_column type=&#8220;1_4&#8243; _builder_version=&#8220;4.16&#8243; custom_padding=&#8220;|||&#8220; global_colors_info=&#8220;{}&#8220; custom_padding__hover=&#8220;|||&#8220;][\/et_pb_column][\/et_pb_row][\/et_pb_section]<\/p>\n","protected":false},"excerpt":{"rendered":"<p>BESUCHEN SIE UNSERE AUSSTELLUNG Kaufen Sie Wohnmobil Freiburg, Waadt, Neuenburg, Jura Der Preis f\u00fcr ein neues Mobilheim variiert je nach Marke, Qualit\u00e4t, Fl\u00e4che, Komfort und Zusatzoptionen. Der Zugang zur Parzelle, der Transport und die Installation sind Kosten, die mit der Errichtung eines Mobilheims oder Chalets in Verbindung stehen. Auf unserer Ausstellung haben wir uns entschieden, [&hellip;]<\/p>\n","protected":false},"author":1,"featured_media":0,"parent":0,"menu_order":0,"comment_status":"closed","ping_status":"closed","template":"","meta":{"_et_pb_use_builder":"on","_et_pb_old_content":"","_et_gb_content_width":"","footnotes":""},"class_list":["post-1077","page","type-page","status-publish","hentry"],"yoast_head":"<!-- This site is optimized with the Yoast SEO plugin v26.3 - https:\/\/yoast.com\/wordpress\/plugins\/seo\/ -->\n<title>Traeger Chalets | Kaufen Sie Wohnmobil Freiburg, Waadt, Neuenburg, Jura<\/title>\n<meta name=\"description\" content=\"Wo kann man in Freiburg, Waadt, Neuenburg, Jura, Wallis, Bern, Z\u00fcrich ein Wohnmobil kaufen? Kontaktieren Sie Chalet Traeger in Estayaver le Lac, das eine gro\u00dfe Auswahl an neuen, luxuri\u00f6sen und preiswerten Wohnmobil und Tiny Houses zum Verkauf bietet.\" \/>\n<meta name=\"robots\" content=\"index, follow, max-snippet:-1, max-image-preview:large, max-video-preview:-1\" \/>\n<link rel=\"canonical\" href=\"https:\/\/www.chalets-traeger.ch\/de\/kaufen-sie-wohnmobil-freiburg-waadt-neuenburg-jura\/\" \/>\n<meta property=\"og:locale\" content=\"de_DE\" \/>\n<meta property=\"og:type\" content=\"article\" \/>\n<meta property=\"og:title\" content=\"Traeger Chalets | Kaufen Sie Wohnmobil Freiburg, Waadt, Neuenburg, Jura\" \/>\n<meta property=\"og:description\" content=\"Wo kann man in Freiburg, Waadt, Neuenburg, Jura, Wallis, Bern, Z\u00fcrich ein Wohnmobil kaufen? Kontaktieren Sie Chalet Traeger in Estayaver le Lac, das eine gro\u00dfe Auswahl an neuen, luxuri\u00f6sen und preiswerten Wohnmobil und Tiny Houses zum Verkauf bietet.\" \/>\n<meta property=\"og:url\" content=\"https:\/\/www.chalets-traeger.ch\/de\/kaufen-sie-wohnmobil-freiburg-waadt-neuenburg-jura\/\" \/>\n<meta property=\"og:site_name\" content=\"Chalets Traeger\" \/>\n<meta property=\"article:modified_time\" content=\"2023-10-23T09:12:00+00:00\" \/>\n<meta name=\"twitter:card\" content=\"summary_large_image\" \/>\n<meta name=\"twitter:label1\" content=\"Gesch\u00e4tzte Lesezeit\" \/>\n\t<meta name=\"twitter:data1\" content=\"2\u00a0Minuten\" \/>\n<script type=\"application\/ld+json\" class=\"yoast-schema-graph\">{\"@context\":\"https:\/\/schema.org\",\"@graph\":[{\"@type\":\"WebPage\",\"@id\":\"https:\/\/www.chalets-traeger.ch\/de\/kaufen-sie-wohnmobil-freiburg-waadt-neuenburg-jura\/\",\"url\":\"https:\/\/www.chalets-traeger.ch\/de\/kaufen-sie-wohnmobil-freiburg-waadt-neuenburg-jura\/\",\"name\":\"Traeger Chalets | Kaufen Sie Wohnmobil Freiburg, Waadt, Neuenburg, Jura\",\"isPartOf\":{\"@id\":\"https:\/\/www.chalets-traeger.ch\/de\/#website\"},\"datePublished\":\"2019-06-03T12:48:41+00:00\",\"dateModified\":\"2023-10-23T09:12:00+00:00\",\"description\":\"Wo kann man in Freiburg, Waadt, Neuenburg, Jura, Wallis, Bern, Z\u00fcrich ein Wohnmobil kaufen? Kontaktieren Sie Chalet Traeger in Estayaver le Lac, das eine gro\u00dfe Auswahl an neuen, luxuri\u00f6sen und preiswerten Wohnmobil und Tiny Houses zum Verkauf bietet.\",\"breadcrumb\":{\"@id\":\"https:\/\/www.chalets-traeger.ch\/de\/kaufen-sie-wohnmobil-freiburg-waadt-neuenburg-jura\/#breadcrumb\"},\"inLanguage\":\"de\",\"potentialAction\":[{\"@type\":\"ReadAction\",\"target\":[\"https:\/\/www.chalets-traeger.ch\/de\/kaufen-sie-wohnmobil-freiburg-waadt-neuenburg-jura\/\"]}]},{\"@type\":\"BreadcrumbList\",\"@id\":\"https:\/\/www.chalets-traeger.ch\/de\/kaufen-sie-wohnmobil-freiburg-waadt-neuenburg-jura\/#breadcrumb\",\"itemListElement\":[{\"@type\":\"ListItem\",\"position\":1,\"name\":\"Accueil\",\"item\":\"https:\/\/www.chalets-traeger.ch\/de\/\"},{\"@type\":\"ListItem\",\"position\":2,\"name\":\"UNSERE AUSSTELLUNG\"}]},{\"@type\":\"WebSite\",\"@id\":\"https:\/\/www.chalets-traeger.ch\/de\/#website\",\"url\":\"https:\/\/www.chalets-traeger.ch\/de\/\",\"name\":\"Chalets Traeger\",\"description\":\"Vente de mobil&#039;home, camping\",\"potentialAction\":[{\"@type\":\"SearchAction\",\"target\":{\"@type\":\"EntryPoint\",\"urlTemplate\":\"https:\/\/www.chalets-traeger.ch\/de\/?s={search_term_string}\"},\"query-input\":{\"@type\":\"PropertyValueSpecification\",\"valueRequired\":true,\"valueName\":\"search_term_string\"}}],\"inLanguage\":\"de\"}]}<\/script>\n<!-- \/ Yoast SEO plugin. -->","yoast_head_json":{"title":"Traeger Chalets | Kaufen Sie Wohnmobil Freiburg, Waadt, Neuenburg, Jura","description":"Wo kann man in Freiburg, Waadt, Neuenburg, Jura, Wallis, Bern, Z\u00fcrich ein Wohnmobil kaufen? Kontaktieren Sie Chalet Traeger in Estayaver le Lac, das eine gro\u00dfe Auswahl an neuen, luxuri\u00f6sen und preiswerten Wohnmobil und Tiny Houses zum Verkauf bietet.","robots":{"index":"index","follow":"follow","max-snippet":"max-snippet:-1","max-image-preview":"max-image-preview:large","max-video-preview":"max-video-preview:-1"},"canonical":"https:\/\/www.chalets-traeger.ch\/de\/kaufen-sie-wohnmobil-freiburg-waadt-neuenburg-jura\/","og_locale":"de_DE","og_type":"article","og_title":"Traeger Chalets | Kaufen Sie Wohnmobil Freiburg, Waadt, Neuenburg, Jura","og_description":"Wo kann man in Freiburg, Waadt, Neuenburg, Jura, Wallis, Bern, Z\u00fcrich ein Wohnmobil kaufen? Kontaktieren Sie Chalet Traeger in Estayaver le Lac, das eine gro\u00dfe Auswahl an neuen, luxuri\u00f6sen und preiswerten Wohnmobil und Tiny Houses zum Verkauf bietet.","og_url":"https:\/\/www.chalets-traeger.ch\/de\/kaufen-sie-wohnmobil-freiburg-waadt-neuenburg-jura\/","og_site_name":"Chalets Traeger","article_modified_time":"2023-10-23T09:12:00+00:00","twitter_card":"summary_large_image","twitter_misc":{"Gesch\u00e4tzte Lesezeit":"2\u00a0Minuten"},"schema":{"@context":"https:\/\/schema.org","@graph":[{"@type":"WebPage","@id":"https:\/\/www.chalets-traeger.ch\/de\/kaufen-sie-wohnmobil-freiburg-waadt-neuenburg-jura\/","url":"https:\/\/www.chalets-traeger.ch\/de\/kaufen-sie-wohnmobil-freiburg-waadt-neuenburg-jura\/","name":"Traeger Chalets | Kaufen Sie Wohnmobil Freiburg, Waadt, Neuenburg, Jura","isPartOf":{"@id":"https:\/\/www.chalets-traeger.ch\/de\/#website"},"datePublished":"2019-06-03T12:48:41+00:00","dateModified":"2023-10-23T09:12:00+00:00","description":"Wo kann man in Freiburg, Waadt, Neuenburg, Jura, Wallis, Bern, Z\u00fcrich ein Wohnmobil kaufen? Kontaktieren Sie Chalet Traeger in Estayaver le Lac, das eine gro\u00dfe Auswahl an neuen, luxuri\u00f6sen und preiswerten Wohnmobil und Tiny Houses zum Verkauf bietet.","breadcrumb":{"@id":"https:\/\/www.chalets-traeger.ch\/de\/kaufen-sie-wohnmobil-freiburg-waadt-neuenburg-jura\/#breadcrumb"},"inLanguage":"de","potentialAction":[{"@type":"ReadAction","target":["https:\/\/www.chalets-traeger.ch\/de\/kaufen-sie-wohnmobil-freiburg-waadt-neuenburg-jura\/"]}]},{"@type":"BreadcrumbList","@id":"https:\/\/www.chalets-traeger.ch\/de\/kaufen-sie-wohnmobil-freiburg-waadt-neuenburg-jura\/#breadcrumb","itemListElement":[{"@type":"ListItem","position":1,"name":"Accueil","item":"https:\/\/www.chalets-traeger.ch\/de\/"},{"@type":"ListItem","position":2,"name":"UNSERE AUSSTELLUNG"}]},{"@type":"WebSite","@id":"https:\/\/www.chalets-traeger.ch\/de\/#website","url":"https:\/\/www.chalets-traeger.ch\/de\/","name":"Chalets Traeger","description":"Vente de mobil&#039;home, camping","potentialAction":[{"@type":"SearchAction","target":{"@type":"EntryPoint","urlTemplate":"https:\/\/www.chalets-traeger.ch\/de\/?s={search_term_string}"},"query-input":{"@type":"PropertyValueSpecification","valueRequired":true,"valueName":"search_term_string"}}],"inLanguage":"de"}]}},"_links":{"self":[{"href":"https:\/\/www.chalets-traeger.ch\/de\/wp-json\/wp\/v2\/pages\/1077","targetHints":{"allow":["GET"]}}],"collection":[{"href":"https:\/\/www.chalets-traeger.ch\/de\/wp-json\/wp\/v2\/pages"}],"about":[{"href":"https:\/\/www.chalets-traeger.ch\/de\/wp-json\/wp\/v2\/types\/page"}],"author":[{"embeddable":true,"href":"https:\/\/www.chalets-traeger.ch\/de\/wp-json\/wp\/v2\/users\/1"}],"replies":[{"embeddable":true,"href":"https:\/\/www.chalets-traeger.ch\/de\/wp-json\/wp\/v2\/comments?post=1077"}],"version-history":[{"count":8,"href":"https:\/\/www.chalets-traeger.ch\/de\/wp-json\/wp\/v2\/pages\/1077\/revisions"}],"predecessor-version":[{"id":1829,"href":"https:\/\/www.chalets-traeger.ch\/de\/wp-json\/wp\/v2\/pages\/1077\/revisions\/1829"}],"wp:attachment":[{"href":"https:\/\/www.chalets-traeger.ch\/de\/wp-json\/wp\/v2\/media?parent=1077"}],"curies":[{"name":"wp","href":"https:\/\/api.w.org\/{rel}","templated":true}]}}