{"id":1075,"date":"2019-06-03T14:40:45","date_gmt":"2019-06-03T12:40:45","guid":{"rendered":"https:\/\/www.chalets-traeger.ch\/?page_id=1075&#038;lang=de"},"modified":"2023-10-23T11:09:29","modified_gmt":"2023-10-23T09:09:29","slug":"kaufen-sie-ein-wohnmobil-mit-terrasse-in-der-schweiz","status":"publish","type":"page","link":"https:\/\/www.chalets-traeger.ch\/de\/kaufen-sie-ein-wohnmobil-mit-terrasse-in-der-schweiz\/","title":{"rendered":"Deckit"},"content":{"rendered":"<p>[et_pb_section fb_built=&#8220;1&#8243; fullwidth=&#8220;on&#8220; _builder_version=&#8220;4.16&#8243; global_colors_info=&#8220;{}&#8220;][et_pb_fullwidth_slider _builder_version=&#8220;4.16&#8243; custom_padding=&#8220;300px|||&#8220; custom_padding_tablet=&#8220;|||&#8220; custom_padding_phone=&#8220;|||&#8220; box_shadow_style=&#8220;preset6&#8243; box_shadow_blur=&#8220;10px&#8220; box_shadow_color=&#8220;rgba(0,0,0,0.1)&#8220; top_padding=&#8220;300px&#8220; remove_inner_shadow=&#8220;off&#8220; hide_content_on_mobile=&#8220;off&#8220; hide_cta_on_mobile=&#8220;off&#8220; show_inner_shadow=&#8220;on&#8220; button_letter_spacing_hover=&#8220;0&#8243; global_colors_info=&#8220;{}&#8220; button_text_size__hover_enabled=&#8220;off&#8220; button_one_text_size__hover_enabled=&#8220;off&#8220; button_two_text_size__hover_enabled=&#8220;off&#8220; button_text_color__hover_enabled=&#8220;off&#8220; button_one_text_color__hover_enabled=&#8220;off&#8220; button_two_text_color__hover_enabled=&#8220;off&#8220; button_border_width__hover_enabled=&#8220;off&#8220; button_one_border_width__hover_enabled=&#8220;off&#8220; button_two_border_width__hover_enabled=&#8220;off&#8220; button_border_color__hover_enabled=&#8220;off&#8220; button_one_border_color__hover_enabled=&#8220;off&#8220; button_two_border_color__hover_enabled=&#8220;off&#8220; button_border_radius__hover_enabled=&#8220;off&#8220; button_one_border_radius__hover_enabled=&#8220;off&#8220; button_two_border_radius__hover_enabled=&#8220;off&#8220; button_letter_spacing__hover_enabled=&#8220;on&#8220; button_letter_spacing__hover=&#8220;0&#8243; button_one_letter_spacing__hover_enabled=&#8220;off&#8220; button_two_letter_spacing__hover_enabled=&#8220;off&#8220; button_bg_color__hover_enabled=&#8220;off&#8220; button_one_bg_color__hover_enabled=&#8220;off&#8220; button_two_bg_color__hover_enabled=&#8220;off&#8220;][et_pb_slide use_bg_overlay=&#8220;off&#8220; use_text_overlay=&#8220;off&#8220; _builder_version=&#8220;4.16&#8243; header_font=&#8220;||||&#8220; body_font=&#8220;||||&#8220; background_color=&#8220;#ffffff&#8220; background_image=&#8220;https:\/\/www.chalets-traeger.ch\/wp-content\/uploads\/2017\/08\/Les-Terrasses2.jpg&#8220; button_icon_placement=&#8220;right&#8220; button_on_hover=&#8220;on&#8220; global_colors_info=&#8220;{}&#8220; sticky_transition=&#8220;on&#8220; button_text_size__hover_enabled=&#8220;off&#8220; button_one_text_size__hover_enabled=&#8220;off&#8220; button_two_text_size__hover_enabled=&#8220;off&#8220; button_text_color__hover_enabled=&#8220;off&#8220; button_one_text_color__hover_enabled=&#8220;off&#8220; button_two_text_color__hover_enabled=&#8220;off&#8220; button_border_width__hover_enabled=&#8220;off&#8220; button_one_border_width__hover_enabled=&#8220;off&#8220; button_two_border_width__hover_enabled=&#8220;off&#8220; button_border_color__hover_enabled=&#8220;off&#8220; button_one_border_color__hover_enabled=&#8220;off&#8220; button_two_border_color__hover_enabled=&#8220;off&#8220; button_border_radius__hover_enabled=&#8220;off&#8220; button_one_border_radius__hover_enabled=&#8220;off&#8220; button_two_border_radius__hover_enabled=&#8220;off&#8220; button_letter_spacing__hover_enabled=&#8220;off&#8220; button_one_letter_spacing__hover_enabled=&#8220;off&#8220; button_two_letter_spacing__hover_enabled=&#8220;off&#8220; button_bg_color__hover_enabled=&#8220;off&#8220; button_one_bg_color__hover_enabled=&#8220;off&#8220; button_two_bg_color__hover_enabled=&#8220;off&#8220;][\/et_pb_slide][\/et_pb_fullwidth_slider][\/et_pb_section][et_pb_section fb_built=&#8220;1&#8243; _builder_version=&#8220;4.16&#8243; background_color=&#8220;#f57200&#8243; custom_padding=&#8220;20px|0px|20px|0px&#8220; global_colors_info=&#8220;{}&#8220;][et_pb_row _builder_version=&#8220;4.16&#8243; custom_padding=&#8220;20px||20px|&#8220; global_colors_info=&#8220;{}&#8220;][et_pb_column type=&#8220;4_4&#8243; _builder_version=&#8220;4.16&#8243; background_position=&#8220;top_left&#8220; custom_padding=&#8220;|||&#8220; global_colors_info=&#8220;{}&#8220; custom_padding__hover=&#8220;|||&#8220;][et_pb_text module_class=&#8220;Titre-home&#8220; _builder_version=&#8220;4.22.2&#8243; hover_enabled=&#8220;0&#8243; border_style=&#8220;solid&#8220; global_colors_info=&#8220;{}&#8220; sticky_enabled=&#8220;0&#8243;]<\/p>\n<h1>Kaufen Sie ein Wohnmobil mit Terrasse in der Schweiz<\/h1>\n<p>[\/et_pb_text][et_pb_text _builder_version=&#8220;4.16&#8243; text_orientation=&#8220;center&#8220; module_alignment=&#8220;center&#8220; custom_padding=&#8220;||30px|&#8220; border_style=&#8220;solid&#8220; global_colors_info=&#8220;{}&#8220;]<\/p>\n<h4 style=\"text-align: center;\"><span style=\"color: #ffffff;\">&nbsp;<\/span><\/h4>\n<h4 style=\"text-align: center;\"><span style=\"color: #ffffff; font-size: 40px;\"><strong><span class=\"color_11\" style=\"letter-spacing: 0.15em;\">DECKIT<\/span><\/strong><\/span><\/h4>\n<p>&nbsp;<\/p>\n<p style=\"text-align: center;\"><span style=\"color: #ffffff;\">Statten Sie Ihr Mobilheim mit einer DECKIT-Terrasse aus.<\/span><br \/>\n<span style=\"color: #ffffff;\">Deckit-Terrassen wurden entwickelt, um allen Konfigurationen gerecht zu werden. Sie passen sich jeder Umgebung, allen Arten von Mobilheimen und allen Besonderheiten an.<\/span><br \/>\n<span style=\"color: #ffffff;\"> Die Terrasse ist eine nat\u00fcrliche Erweiterung Ihres Wohnraums &#8211; eine Erweiterung Ihres Wohnzimmers nach aussen.<\/span><\/p>\n<p>[\/et_pb_text][\/et_pb_column][\/et_pb_row][\/et_pb_section][et_pb_section fb_built=&#8220;1&#8243; disabled_on=&#8220;on|on|&#8220; _builder_version=&#8220;4.16&#8243; custom_padding=&#8220;0px|0px|0px|0px&#8220; global_colors_info=&#8220;{}&#8220;][et_pb_row use_custom_gutter=&#8220;on&#8220; gutter_width=&#8220;1&#8243; make_equal=&#8220;on&#8220; module_class=&#8220;bloc et_pb_row_fullwidth&#8220; _builder_version=&#8220;4.16&#8243; width=&#8220;100%&#8220; width_tablet=&#8220;100%&#8220; width_last_edited=&#8220;on|desktop&#8220; max_width=&#8220;100%&#8220; max_width_tablet=&#8220;100%&#8220; max_width_last_edited=&#8220;on|desktop&#8220; custom_padding=&#8220;0px|0px|0px|0px&#8220; make_fullwidth=&#8220;on&#8220; global_colors_info=&#8220;{}&#8220; column_structure=&#8220;1_2,1_2&#8243; width_phone=&#8220;100%&#8220; max_width_phone=&#8220;100%&#8220;][et_pb_column type=&#8220;1_2&#8243; _builder_version=&#8220;4.16&#8243; background_position=&#8220;top_left&#8220; custom_padding=&#8220;|||&#8220; global_colors_info=&#8220;{}&#8220; custom_padding__hover=&#8220;|||&#8220;][et_pb_text _builder_version=&#8220;4.16&#8243; border_style=&#8220;solid&#8220; global_colors_info=&#8220;{}&#8220;]\n\t\t<!-- MasterSlider -->\n\t\t<div id=\"P_MS69dfd92126d8f\" class=\"master-slider-parent msl ms-parent-id-12\" style=\"max-width:1000px;\">\n\n\t\t\t\n\t\t\t<!-- MasterSlider Main -->\n\t\t\t<div id=\"MS69dfd92126d8f\" class=\"master-slider ms-skin-default\" >\n\t\t\t\t \t\t\t\t \n\t\t\t\t<div  class=\"ms-slide\" data-delay=\"3\" data-fill-mode=\"center\"  >\n\t\t\t\t\t<img decoding=\"async\" src=\"https:\/\/www.chalets-traeger.ch\/wp-content\/plugins\/master-slider\/public\/assets\/css\/blank.gif\" alt=\"Les Terrasses3\" title=\"\" data-src=\"https:\/\/www.chalets-traeger.ch\/wp-content\/uploads\/2017\/08\/Les-Terrasses3.gif\" \/>\n\n\n\t<div class=\"ms-thumb\" ><div class=\"ms-tab-context\"><div class=\"&quot;ms-tab-context&quot;\"><\/div><\/div>\n<\/div>\n\t\t\t\t<\/div>\n\t\t\t\t<div  class=\"ms-slide\" data-delay=\"3\" data-fill-mode=\"center\"  >\n\t\t\t\t\t<img decoding=\"async\" src=\"https:\/\/www.chalets-traeger.ch\/wp-content\/plugins\/master-slider\/public\/assets\/css\/blank.gif\" alt=\"Les Terrasses2\" title=\"\" data-src=\"https:\/\/www.chalets-traeger.ch\/wp-content\/uploads\/2017\/08\/Les-Terrasses2.jpg\" \/>\n\n\n\t<div class=\"ms-thumb\" ><div class=\"ms-tab-context\"><div class=\"&quot;ms-tab-context&quot;\"><\/div><\/div>\n<\/div>\n\t\t\t\t<\/div>\n\t\t\t\t<div  class=\"ms-slide\" data-delay=\"3\" data-fill-mode=\"center\"  >\n\t\t\t\t\t<img decoding=\"async\" src=\"https:\/\/www.chalets-traeger.ch\/wp-content\/plugins\/master-slider\/public\/assets\/css\/blank.gif\" alt=\"Les Terrasses1\" title=\"\" data-src=\"https:\/\/www.chalets-traeger.ch\/wp-content\/uploads\/2017\/08\/Les-Terrasses1.gif\" \/>\n\n\n\t<div class=\"ms-thumb\" ><div class=\"ms-tab-context\"><div class=\"&quot;ms-tab-context&quot;\"><\/div><\/div>\n<\/div>\n\t\t\t\t<\/div>\n\t\t\t\t<div  class=\"ms-slide\" data-delay=\"3\" data-fill-mode=\"center\"  >\n\t\t\t\t\t<img decoding=\"async\" src=\"https:\/\/www.chalets-traeger.ch\/wp-content\/plugins\/master-slider\/public\/assets\/css\/blank.gif\" alt=\"Les Terrasses4\" title=\"\" data-src=\"https:\/\/www.chalets-traeger.ch\/wp-content\/uploads\/2017\/08\/Les-Terrasses4.gif\" \/>\n\n\n\t<div class=\"ms-thumb\" ><div class=\"ms-tab-context\"><div class=\"&quot;ms-tab-context&quot;\"><\/div><\/div>\n<\/div>\n\t\t\t\t<\/div>\n\n\t\t\t<\/div>\n\t\t\t<!-- END MasterSlider Main -->\n\n\t\t\t \n\t\t<\/div>\n\t\t<!-- END MasterSlider -->\n\n\t\t<script>\n\t\t(function ( $ ) {\n\t\t\t\"use strict\";\n\n\t\t\t$(function () {\n\t\t\t\tvar masterslider_6d8f = new MasterSlider();\n\n\t\t\t\t\/\/ slider controls\n\t\t\t\tmasterslider_6d8f.control('arrows'     ,{ autohide:true, overVideo:true  });\n\t\t\t\t\/\/ slider setup\n\t\t\t\tmasterslider_6d8f.setup(\"MS69dfd92126d8f\", {\n\t\t\t\t\t\twidth           : 1000,\n\t\t\t\t\t\theight          : 500,\n\t\t\t\t\t\tminHeight       : 400,\n\t\t\t\t\t\tspace           : 0,\n\t\t\t\t\t\tstart           : 1,\n\t\t\t\t\t\tgrabCursor      : true,\n\t\t\t\t\t\tswipe           : true,\n\t\t\t\t\t\tmouse           : true,\n\t\t\t\t\t\tlayout          : \"boxed\",\n\t\t\t\t\t\twheel           : false,\n\t\t\t\t\t\tautoplay        : true,\n\t\t\t\t\t\tinstantStartLayers:false,\n\t\t\t\t\t\tloop            : false,\n\t\t\t\t\t\tshuffle         : false,\n\t\t\t\t\t\tpreload         : 0,\n\t\t\t\t\t\theightLimit     : true,\n\t\t\t\t\t\tautoHeight      : false,\n\t\t\t\t\t\tsmoothHeight    : true,\n\t\t\t\t\t\tendPause        : false,\n\t\t\t\t\t\toverPause       : true,\n\t\t\t\t\t\tfillMode        : \"fill\",\n\t\t\t\t\t\tcenterControls  : true,\n\t\t\t\t\t\tstartOnAppear   : false,\n\t\t\t\t\t\tlayersMode      : \"center\",\n\t\t\t\t\t\thideLayers      : false,\n\t\t\t\t\t\tfullscreenMargin: 0,\n\t\t\t\t\t\tspeed           : 20,\n\t\t\t\t\t\tdir             : \"h\",\n\t\t\t\t\t\tparallaxMode    : 'swipe',\n\t\t\t\t\t\tview            : \"basic\"\n\t\t\t\t});\n\n\t\t\t\t\n\t\t\t\twindow.masterslider_instances = window.masterslider_instances || [];\n\t\t\t\twindow.masterslider_instances.push( masterslider_6d8f );\n\t\t\t });\n\n\t\t})(jQuery);\n\t\t<\/script>\n\n<br \/>\n[\/et_pb_text][\/et_pb_column][et_pb_column type=&#8220;1_2&#8243; _builder_version=&#8220;4.16&#8243; background_position=&#8220;top_left&#8220; custom_padding=&#8220;|||&#8220; global_colors_info=&#8220;{}&#8220; custom_padding__hover=&#8220;|||&#8220;][et_pb_text _builder_version=&#8220;4.16&#8243; text_orientation=&#8220;center&#8220; module_alignment=&#8220;center&#8220; custom_margin=&#8220;140px|40px||40px&#8220; border_style=&#8220;solid&#8220; global_colors_info=&#8220;{}&#8220;]<\/p>\n<h3 style=\"text-align: center;\"><strong>Die Terrassen von Deckit wurden so konzipiert, dass sie allen Konfigurationen gerecht werden. Sie k\u00f6nnen an alle Umgebungen, alle Arten von Mobilheimen und Besonderheiten angepasst werden.<\/strong><\/h3>\n<p>[\/et_pb_text][\/et_pb_column][\/et_pb_row][\/et_pb_section][et_pb_section fb_built=&#8220;1&#8243; disabled_on=&#8220;||on&#8220; _builder_version=&#8220;4.16&#8243; background_color=&#8220;#ffffff&#8220; custom_padding=&#8220;0px|0px|0px|0px&#8220; global_colors_info=&#8220;{}&#8220;][et_pb_row use_custom_gutter=&#8220;on&#8220; gutter_width=&#8220;1&#8243; make_equal=&#8220;on&#8220; module_class=&#8220;bloc et_pb_row_fullwidth&#8220; _builder_version=&#8220;4.16&#8243; width=&#8220;100%&#8220; width_tablet=&#8220;100%&#8220; width_last_edited=&#8220;on|desktop&#8220; max_width=&#8220;100%&#8220; max_width_tablet=&#8220;100%&#8220; max_width_last_edited=&#8220;on|desktop&#8220; custom_padding=&#8220;0px|0px|0px|0px&#8220; make_fullwidth=&#8220;on&#8220; global_colors_info=&#8220;{}&#8220; width_phone=&#8220;100%&#8220; max_width_phone=&#8220;100%&#8220;][et_pb_column type=&#8220;4_4&#8243; _builder_version=&#8220;4.16&#8243; background_position=&#8220;top_left&#8220; custom_padding=&#8220;|||&#8220; global_colors_info=&#8220;{}&#8220; custom_padding__hover=&#8220;|||&#8220;][et_pb_text _builder_version=&#8220;4.16&#8243; border_style=&#8220;solid&#8220; global_colors_info=&#8220;{}&#8220;]\n\t\t<!-- MasterSlider -->\n\t\t<div id=\"P_MS69dfd921273c8\" class=\"master-slider-parent msl ms-parent-id-12\" style=\"max-width:1000px;\">\n\n\t\t\t\n\t\t\t<!-- MasterSlider Main -->\n\t\t\t<div id=\"MS69dfd921273c8\" class=\"master-slider ms-skin-default\" >\n\t\t\t\t \t\t\t\t \n\t\t\t\t<div  class=\"ms-slide\" data-delay=\"3\" data-fill-mode=\"center\"  >\n\t\t\t\t\t<img decoding=\"async\" src=\"https:\/\/www.chalets-traeger.ch\/wp-content\/plugins\/master-slider\/public\/assets\/css\/blank.gif\" alt=\"Les Terrasses3\" title=\"\" data-src=\"https:\/\/www.chalets-traeger.ch\/wp-content\/uploads\/2017\/08\/Les-Terrasses3.gif\" \/>\n\n\n\t<div class=\"ms-thumb\" ><div class=\"ms-tab-context\"><div class=\"&quot;ms-tab-context&quot;\"><\/div><\/div>\n<\/div>\n\t\t\t\t<\/div>\n\t\t\t\t<div  class=\"ms-slide\" data-delay=\"3\" data-fill-mode=\"center\"  >\n\t\t\t\t\t<img decoding=\"async\" src=\"https:\/\/www.chalets-traeger.ch\/wp-content\/plugins\/master-slider\/public\/assets\/css\/blank.gif\" alt=\"Les Terrasses2\" title=\"\" data-src=\"https:\/\/www.chalets-traeger.ch\/wp-content\/uploads\/2017\/08\/Les-Terrasses2.jpg\" \/>\n\n\n\t<div class=\"ms-thumb\" ><div class=\"ms-tab-context\"><div class=\"&quot;ms-tab-context&quot;\"><\/div><\/div>\n<\/div>\n\t\t\t\t<\/div>\n\t\t\t\t<div  class=\"ms-slide\" data-delay=\"3\" data-fill-mode=\"center\"  >\n\t\t\t\t\t<img decoding=\"async\" src=\"https:\/\/www.chalets-traeger.ch\/wp-content\/plugins\/master-slider\/public\/assets\/css\/blank.gif\" alt=\"Les Terrasses1\" title=\"\" data-src=\"https:\/\/www.chalets-traeger.ch\/wp-content\/uploads\/2017\/08\/Les-Terrasses1.gif\" \/>\n\n\n\t<div class=\"ms-thumb\" ><div class=\"ms-tab-context\"><div class=\"&quot;ms-tab-context&quot;\"><\/div><\/div>\n<\/div>\n\t\t\t\t<\/div>\n\t\t\t\t<div  class=\"ms-slide\" data-delay=\"3\" data-fill-mode=\"center\"  >\n\t\t\t\t\t<img decoding=\"async\" src=\"https:\/\/www.chalets-traeger.ch\/wp-content\/plugins\/master-slider\/public\/assets\/css\/blank.gif\" alt=\"Les Terrasses4\" title=\"\" data-src=\"https:\/\/www.chalets-traeger.ch\/wp-content\/uploads\/2017\/08\/Les-Terrasses4.gif\" \/>\n\n\n\t<div class=\"ms-thumb\" ><div class=\"ms-tab-context\"><div class=\"&quot;ms-tab-context&quot;\"><\/div><\/div>\n<\/div>\n\t\t\t\t<\/div>\n\n\t\t\t<\/div>\n\t\t\t<!-- END MasterSlider Main -->\n\n\t\t\t \n\t\t<\/div>\n\t\t<!-- END MasterSlider -->\n\n\t\t<script>\n\t\t(function ( $ ) {\n\t\t\t\"use strict\";\n\n\t\t\t$(function () {\n\t\t\t\tvar masterslider_73c8 = new MasterSlider();\n\n\t\t\t\t\/\/ slider controls\n\t\t\t\tmasterslider_73c8.control('arrows'     ,{ autohide:true, overVideo:true  });\n\t\t\t\t\/\/ slider setup\n\t\t\t\tmasterslider_73c8.setup(\"MS69dfd921273c8\", {\n\t\t\t\t\t\twidth           : 1000,\n\t\t\t\t\t\theight          : 500,\n\t\t\t\t\t\tminHeight       : 400,\n\t\t\t\t\t\tspace           : 0,\n\t\t\t\t\t\tstart           : 1,\n\t\t\t\t\t\tgrabCursor      : true,\n\t\t\t\t\t\tswipe           : true,\n\t\t\t\t\t\tmouse           : true,\n\t\t\t\t\t\tlayout          : \"boxed\",\n\t\t\t\t\t\twheel           : false,\n\t\t\t\t\t\tautoplay        : true,\n\t\t\t\t\t\tinstantStartLayers:false,\n\t\t\t\t\t\tloop            : false,\n\t\t\t\t\t\tshuffle         : false,\n\t\t\t\t\t\tpreload         : 0,\n\t\t\t\t\t\theightLimit     : true,\n\t\t\t\t\t\tautoHeight      : false,\n\t\t\t\t\t\tsmoothHeight    : true,\n\t\t\t\t\t\tendPause        : false,\n\t\t\t\t\t\toverPause       : true,\n\t\t\t\t\t\tfillMode        : \"fill\",\n\t\t\t\t\t\tcenterControls  : true,\n\t\t\t\t\t\tstartOnAppear   : false,\n\t\t\t\t\t\tlayersMode      : \"center\",\n\t\t\t\t\t\thideLayers      : false,\n\t\t\t\t\t\tfullscreenMargin: 0,\n\t\t\t\t\t\tspeed           : 20,\n\t\t\t\t\t\tdir             : \"h\",\n\t\t\t\t\t\tparallaxMode    : 'swipe',\n\t\t\t\t\t\tview            : \"basic\"\n\t\t\t\t});\n\n\t\t\t\t\n\t\t\t\twindow.masterslider_instances = window.masterslider_instances || [];\n\t\t\t\twindow.masterslider_instances.push( masterslider_73c8 );\n\t\t\t });\n\n\t\t})(jQuery);\n\t\t<\/script>\n\n<br \/>\n[\/et_pb_text][et_pb_text _builder_version=&#8220;4.16&#8243; text_orientation=&#8220;center&#8220; module_alignment=&#8220;center&#8220; custom_margin=&#8220;140px|40px||40px&#8220; custom_margin_tablet=&#8220;50px|40px|50px|40px&#8220; custom_margin_phone=&#8220;&#8220; custom_margin_last_edited=&#8220;on|desktop&#8220; border_style=&#8220;solid&#8220; global_colors_info=&#8220;{}&#8220;]<\/p>\n<h3 style=\"text-align: center;\"><strong>Die Terrassen von Deckit wurden so konzipiert, dass sie allen Konfigurationen gerecht werden. Sie k\u00f6nnen an alle Umgebungen, alle Arten von Mobilheimen und Besonderheiten angepasst werden.<\/strong><\/h3>\n<p>[\/et_pb_text][\/et_pb_column][\/et_pb_row][\/et_pb_section]<\/p>\n","protected":false},"excerpt":{"rendered":"<p>Kaufen Sie ein Wohnmobil mit Terrasse in der Schweiz &nbsp; DECKIT &nbsp; Statten Sie Ihr Mobilheim mit einer DECKIT-Terrasse aus. Deckit-Terrassen wurden entwickelt, um allen Konfigurationen gerecht zu werden. Sie passen sich jeder Umgebung, allen Arten von Mobilheimen und allen Besonderheiten an. Die Terrasse ist eine nat\u00fcrliche Erweiterung Ihres Wohnraums &#8211; eine Erweiterung Ihres Wohnzimmers [&hellip;]<\/p>\n","protected":false},"author":1,"featured_media":0,"parent":0,"menu_order":0,"comment_status":"closed","ping_status":"closed","template":"","meta":{"_et_pb_use_builder":"on","_et_pb_old_content":"","_et_gb_content_width":"","footnotes":""},"class_list":["post-1075","page","type-page","status-publish","hentry"],"yoast_head":"<!-- This site is optimized with the Yoast SEO plugin v26.3 - https:\/\/yoast.com\/wordpress\/plugins\/seo\/ -->\n<title>Traeger Chalets | Kaufen Sie ein Wohnmobil mit Terrasse in der Schweiz<\/title>\n<meta name=\"description\" content=\"Haben alle Wohnmobil eine Terrasse? M\u00f6chten Sie ein Mobilheim mit Terrasse kaufen? Das Chalet Traeger in Estayaver le lac im Kanton Freiburg bietet eine gro\u00dfe Auswahl an neuen, luxuri\u00f6sen und preiswerten Wohnmobil zum Verkauf.\" \/>\n<meta name=\"robots\" content=\"index, follow, max-snippet:-1, max-image-preview:large, max-video-preview:-1\" \/>\n<link rel=\"canonical\" href=\"https:\/\/www.chalets-traeger.ch\/de\/kaufen-sie-ein-wohnmobil-mit-terrasse-in-der-schweiz\/\" \/>\n<meta property=\"og:locale\" content=\"de_DE\" \/>\n<meta property=\"og:type\" content=\"article\" \/>\n<meta property=\"og:title\" content=\"Traeger Chalets | Kaufen Sie ein Wohnmobil mit Terrasse in der Schweiz\" \/>\n<meta property=\"og:description\" content=\"Haben alle Wohnmobil eine Terrasse? M\u00f6chten Sie ein Mobilheim mit Terrasse kaufen? Das Chalet Traeger in Estayaver le lac im Kanton Freiburg bietet eine gro\u00dfe Auswahl an neuen, luxuri\u00f6sen und preiswerten Wohnmobil zum Verkauf.\" \/>\n<meta property=\"og:url\" content=\"https:\/\/www.chalets-traeger.ch\/de\/kaufen-sie-ein-wohnmobil-mit-terrasse-in-der-schweiz\/\" \/>\n<meta property=\"og:site_name\" content=\"Chalets Traeger\" \/>\n<meta property=\"article:modified_time\" content=\"2023-10-23T09:09:29+00:00\" \/>\n<meta name=\"twitter:card\" content=\"summary_large_image\" \/>\n<meta name=\"twitter:label1\" content=\"Gesch\u00e4tzte Lesezeit\" \/>\n\t<meta name=\"twitter:data1\" content=\"2\u00a0Minuten\" \/>\n<script type=\"application\/ld+json\" class=\"yoast-schema-graph\">{\"@context\":\"https:\/\/schema.org\",\"@graph\":[{\"@type\":\"WebPage\",\"@id\":\"https:\/\/www.chalets-traeger.ch\/de\/kaufen-sie-ein-wohnmobil-mit-terrasse-in-der-schweiz\/\",\"url\":\"https:\/\/www.chalets-traeger.ch\/de\/kaufen-sie-ein-wohnmobil-mit-terrasse-in-der-schweiz\/\",\"name\":\"Traeger Chalets | Kaufen Sie ein Wohnmobil mit Terrasse in der Schweiz\",\"isPartOf\":{\"@id\":\"https:\/\/www.chalets-traeger.ch\/de\/#website\"},\"datePublished\":\"2019-06-03T12:40:45+00:00\",\"dateModified\":\"2023-10-23T09:09:29+00:00\",\"description\":\"Haben alle Wohnmobil eine Terrasse? M\u00f6chten Sie ein Mobilheim mit Terrasse kaufen? Das Chalet Traeger in Estayaver le lac im Kanton Freiburg bietet eine gro\u00dfe Auswahl an neuen, luxuri\u00f6sen und preiswerten Wohnmobil zum Verkauf.\",\"breadcrumb\":{\"@id\":\"https:\/\/www.chalets-traeger.ch\/de\/kaufen-sie-ein-wohnmobil-mit-terrasse-in-der-schweiz\/#breadcrumb\"},\"inLanguage\":\"de\",\"potentialAction\":[{\"@type\":\"ReadAction\",\"target\":[\"https:\/\/www.chalets-traeger.ch\/de\/kaufen-sie-ein-wohnmobil-mit-terrasse-in-der-schweiz\/\"]}]},{\"@type\":\"BreadcrumbList\",\"@id\":\"https:\/\/www.chalets-traeger.ch\/de\/kaufen-sie-ein-wohnmobil-mit-terrasse-in-der-schweiz\/#breadcrumb\",\"itemListElement\":[{\"@type\":\"ListItem\",\"position\":1,\"name\":\"Accueil\",\"item\":\"https:\/\/www.chalets-traeger.ch\/de\/\"},{\"@type\":\"ListItem\",\"position\":2,\"name\":\"Deckit\"}]},{\"@type\":\"WebSite\",\"@id\":\"https:\/\/www.chalets-traeger.ch\/de\/#website\",\"url\":\"https:\/\/www.chalets-traeger.ch\/de\/\",\"name\":\"Chalets Traeger\",\"description\":\"Vente de mobil&#039;home, camping\",\"potentialAction\":[{\"@type\":\"SearchAction\",\"target\":{\"@type\":\"EntryPoint\",\"urlTemplate\":\"https:\/\/www.chalets-traeger.ch\/de\/?s={search_term_string}\"},\"query-input\":{\"@type\":\"PropertyValueSpecification\",\"valueRequired\":true,\"valueName\":\"search_term_string\"}}],\"inLanguage\":\"de\"}]}<\/script>\n<!-- \/ Yoast SEO plugin. -->","yoast_head_json":{"title":"Traeger Chalets | Kaufen Sie ein Wohnmobil mit Terrasse in der Schweiz","description":"Haben alle Wohnmobil eine Terrasse? M\u00f6chten Sie ein Mobilheim mit Terrasse kaufen? Das Chalet Traeger in Estayaver le lac im Kanton Freiburg bietet eine gro\u00dfe Auswahl an neuen, luxuri\u00f6sen und preiswerten Wohnmobil zum Verkauf.","robots":{"index":"index","follow":"follow","max-snippet":"max-snippet:-1","max-image-preview":"max-image-preview:large","max-video-preview":"max-video-preview:-1"},"canonical":"https:\/\/www.chalets-traeger.ch\/de\/kaufen-sie-ein-wohnmobil-mit-terrasse-in-der-schweiz\/","og_locale":"de_DE","og_type":"article","og_title":"Traeger Chalets | Kaufen Sie ein Wohnmobil mit Terrasse in der Schweiz","og_description":"Haben alle Wohnmobil eine Terrasse? M\u00f6chten Sie ein Mobilheim mit Terrasse kaufen? Das Chalet Traeger in Estayaver le lac im Kanton Freiburg bietet eine gro\u00dfe Auswahl an neuen, luxuri\u00f6sen und preiswerten Wohnmobil zum Verkauf.","og_url":"https:\/\/www.chalets-traeger.ch\/de\/kaufen-sie-ein-wohnmobil-mit-terrasse-in-der-schweiz\/","og_site_name":"Chalets Traeger","article_modified_time":"2023-10-23T09:09:29+00:00","twitter_card":"summary_large_image","twitter_misc":{"Gesch\u00e4tzte Lesezeit":"2\u00a0Minuten"},"schema":{"@context":"https:\/\/schema.org","@graph":[{"@type":"WebPage","@id":"https:\/\/www.chalets-traeger.ch\/de\/kaufen-sie-ein-wohnmobil-mit-terrasse-in-der-schweiz\/","url":"https:\/\/www.chalets-traeger.ch\/de\/kaufen-sie-ein-wohnmobil-mit-terrasse-in-der-schweiz\/","name":"Traeger Chalets | Kaufen Sie ein Wohnmobil mit Terrasse in der Schweiz","isPartOf":{"@id":"https:\/\/www.chalets-traeger.ch\/de\/#website"},"datePublished":"2019-06-03T12:40:45+00:00","dateModified":"2023-10-23T09:09:29+00:00","description":"Haben alle Wohnmobil eine Terrasse? M\u00f6chten Sie ein Mobilheim mit Terrasse kaufen? Das Chalet Traeger in Estayaver le lac im Kanton Freiburg bietet eine gro\u00dfe Auswahl an neuen, luxuri\u00f6sen und preiswerten Wohnmobil zum Verkauf.","breadcrumb":{"@id":"https:\/\/www.chalets-traeger.ch\/de\/kaufen-sie-ein-wohnmobil-mit-terrasse-in-der-schweiz\/#breadcrumb"},"inLanguage":"de","potentialAction":[{"@type":"ReadAction","target":["https:\/\/www.chalets-traeger.ch\/de\/kaufen-sie-ein-wohnmobil-mit-terrasse-in-der-schweiz\/"]}]},{"@type":"BreadcrumbList","@id":"https:\/\/www.chalets-traeger.ch\/de\/kaufen-sie-ein-wohnmobil-mit-terrasse-in-der-schweiz\/#breadcrumb","itemListElement":[{"@type":"ListItem","position":1,"name":"Accueil","item":"https:\/\/www.chalets-traeger.ch\/de\/"},{"@type":"ListItem","position":2,"name":"Deckit"}]},{"@type":"WebSite","@id":"https:\/\/www.chalets-traeger.ch\/de\/#website","url":"https:\/\/www.chalets-traeger.ch\/de\/","name":"Chalets Traeger","description":"Vente de mobil&#039;home, camping","potentialAction":[{"@type":"SearchAction","target":{"@type":"EntryPoint","urlTemplate":"https:\/\/www.chalets-traeger.ch\/de\/?s={search_term_string}"},"query-input":{"@type":"PropertyValueSpecification","valueRequired":true,"valueName":"search_term_string"}}],"inLanguage":"de"}]}},"_links":{"self":[{"href":"https:\/\/www.chalets-traeger.ch\/de\/wp-json\/wp\/v2\/pages\/1075","targetHints":{"allow":["GET"]}}],"collection":[{"href":"https:\/\/www.chalets-traeger.ch\/de\/wp-json\/wp\/v2\/pages"}],"about":[{"href":"https:\/\/www.chalets-traeger.ch\/de\/wp-json\/wp\/v2\/types\/page"}],"author":[{"embeddable":true,"href":"https:\/\/www.chalets-traeger.ch\/de\/wp-json\/wp\/v2\/users\/1"}],"replies":[{"embeddable":true,"href":"https:\/\/www.chalets-traeger.ch\/de\/wp-json\/wp\/v2\/comments?post=1075"}],"version-history":[{"count":2,"href":"https:\/\/www.chalets-traeger.ch\/de\/wp-json\/wp\/v2\/pages\/1075\/revisions"}],"predecessor-version":[{"id":1827,"href":"https:\/\/www.chalets-traeger.ch\/de\/wp-json\/wp\/v2\/pages\/1075\/revisions\/1827"}],"wp:attachment":[{"href":"https:\/\/www.chalets-traeger.ch\/de\/wp-json\/wp\/v2\/media?parent=1075"}],"curies":[{"name":"wp","href":"https:\/\/api.w.org\/{rel}","templated":true}]}}